{"id":4611,"date":"2026-01-26T07:59:47","date_gmt":"2026-01-26T06:59:47","guid":{"rendered":"https:\/\/www.hdruck.com\/agb\/"},"modified":"2026-01-26T13:47:48","modified_gmt":"2026-01-26T12:47:48","slug":"agb","status":"publish","type":"page","link":"https:\/\/www.hdruck.com\/en\/agb\/","title":{"rendered":"AGB"},"content":{"rendered":"<p><div class=\"fusion-fullwidth fullwidth-box fusion-builder-row-1 has-pattern-background has-mask-background fusion-parallax-none hundred-percent-fullwidth non-hundred-percent-height-scrolling fusion-no-small-visibility\" style=\"--awb-border-radius-top-left:0px;--awb-border-radius-top-right:0px;--awb-border-radius-bottom-right:0px;--awb-border-radius-bottom-left:0px;--awb-padding-top:175px;--awb-padding-right:0px;--awb-padding-bottom:175px;--awb-padding-left:0px;--awb-margin-top:0px;--awb-margin-bottom:0px;--awb-background-color:#ffffff;--awb-background-image:url(&quot;https:\/\/www.hdruck.com\/wp-content\/uploads\/impressum.webp&quot;);--awb-background-size:cover;--awb-flex-wrap:wrap;\" ><div class=\"fusion-builder-row fusion-row\"><div class=\"fusion-layout-column fusion_builder_column fusion-builder-column-0 fusion_builder_column_1_1 1_1 fusion-one-full fusion-column-first fusion-column-last\" style=\"--awb-bg-size:cover;--awb-margin-bottom:0px;\"><div class=\"fusion-column-wrapper fusion-column-has-shadow fusion-flex-column-wrapper-legacy\"><div class=\"fusion-clearfix\"><\/div><\/div><\/div><\/div><\/div><div class=\"fusion-fullwidth fullwidth-box fusion-builder-row-2 nonhundred-percent-fullwidth non-hundred-percent-height-scrolling\" style=\"--awb-border-radius-top-left:0px;--awb-border-radius-top-right:0px;--awb-border-radius-bottom-right:0px;--awb-border-radius-bottom-left:0px;--awb-padding-top:0px;--awb-padding-bottom:0px;--awb-margin-top:0px;--awb-margin-bottom:0px;--awb-background-color:#00bbff;--awb-flex-wrap:wrap;\" ><div class=\"fusion-builder-row fusion-row\"><div class=\"fusion-layout-column fusion_builder_column fusion-builder-column-1 fusion_builder_column_1_1 1_1 fusion-one-full fusion-column-first fusion-column-last\" style=\"--awb-padding-top:18px;--awb-padding-bottom:20px;--awb-bg-size:cover;--awb-margin-bottom:0px;\"><div class=\"fusion-column-wrapper fusion-column-has-shadow fusion-flex-column-wrapper-legacy\"><div class=\"fusion-title title fusion-title-1 fusion-sep-none fusion-title-text fusion-title-size-one\" style=\"--awb-text-color:#ffffff;--awb-margin-bottom:0px;--awb-margin-top-small:0px;--awb-margin-right-small:0px;--awb-margin-bottom-small:0px;--awb-margin-left-small:0px;\"><h1 class=\"fusion-title-heading title-heading-left fusion-responsive-typography-calculated\" style=\"margin:0;--fontSize:24;line-height:1.4;\">Allgemeine Gesch\u00e4ftsbedingungen<\/h1><\/div><div class=\"fusion-clearfix\"><\/div><\/div><\/div><\/div><\/div><div class=\"fusion-fullwidth fullwidth-box fusion-builder-row-3 nonhundred-percent-fullwidth non-hundred-percent-height-scrolling\" style=\"--awb-border-radius-top-left:0px;--awb-border-radius-top-right:0px;--awb-border-radius-bottom-right:0px;--awb-border-radius-bottom-left:0px;--awb-padding-top:40px;--awb-background-color:rgba(1,75,160,0);--awb-flex-wrap:wrap;\" ><div class=\"fusion-builder-row fusion-row\"><div class=\"fusion-layout-column fusion_builder_column fusion-builder-column-2 fusion_builder_column_1_1 1_1 fusion-one-full fusion-column-first fusion-column-last\" style=\"--awb-bg-size:cover;\"><div class=\"fusion-column-wrapper fusion-column-has-shadow fusion-flex-column-wrapper-legacy\"><div class=\"fusion-text fusion-text-1\"><p><strong>HERRMANN Druck+Media GmbH<\/strong><br \/>\nFeilenweg 2, 72820 Sonnenb\u00fchl<\/p>\n<\/div><div class=\"fusion-sep-clear\"><\/div><div class=\"fusion-separator fusion-full-width-sep\" style=\"margin-left: auto;margin-right: auto;margin-top:0px;margin-bottom:10px;width:100%;\"><\/div><div class=\"fusion-sep-clear\"><\/div><div class=\"fusion-text fusion-text-2\"><p><a class=\"links-rot\" href=\"\/wp-content\/uploads\/agb-herrmann.pdf\" target=\"_blank\" rel=\"noopener noreferrer\">PDF-Datei zum Ausdrucken<\/a><\/p>\n<\/div><div class=\"fusion-sep-clear\"><\/div><div class=\"fusion-separator fusion-full-width-sep\" style=\"margin-left: auto;margin-right: auto;margin-top:0px;margin-bottom:10px;width:100%;\"><\/div><div class=\"fusion-sep-clear\"><\/div><div class=\"fusion-text fusion-text-3\"><p><strong>I. Geltungsbereich<\/strong><\/p>\n<p>Diese Allgemeinen Gesch\u00e4fts-, Zahlungs- und Lieferungsbedingungen (AGB) gelten f\u00fcr alle Gesch\u00e4ftsbeziehungen mit Unternehmern (\u00a7 14 BGB), juristischen Personen des \u00f6ffentlichen Rechts oder \u00f6ffentlich-rechtlichen Sonderverm\u00f6gen. Entsprechende Auftr\u00e4ge werden ausschlie\u00dflich auf der Grundlage nachfolgender Bedingungen ausgef\u00fchrt; andere Bedingungen werden nicht Vertragsinhalt, auch wenn wir ihnen nicht ausdr\u00fccklich widersprechen. Individuelle Vertragsabreden haben Vorrang vor diesen AGB.<\/p>\n<p><strong>II. Preise, Vertragsschluss<\/strong><\/p>\n<ol style=\"margin: 0; padding: 0px 0px 20px 17px;\">\n<li>Die im Angebot des Auftragnehmers genannten Preise gelten unter dem Vorbehalt, dass die der Angebotsabgabe zugrunde gelegten Auftragsdaten unver\u00e4ndert bleiben, l\u00e4ngstens jedoch vier Wochen nach Eingang des Angebots beim Auftraggeber. Die Preise des Auftragnehmers enthalten keine Mehrwertsteuer. Die Preise des Auftragnehmers gelten ab Werk. Sie schlie\u00dfen Verpackung, Fracht, Porto, Versicherung und sonstige Versandkosten nicht ein.<\/li>\n<li>Nachtr\u00e4gliche \u00c4nderungen der vertraglichen Leistung auf Veranlassung des Auftraggebers einschlie\u00dflich des dadurch verursachten Maschinenstillstands werden dem Auftraggeber berechnet. Als nachtr\u00e4gliche \u00c4nderungen gelten auch Wiederholungen von Probeandrucken, die vom Auftraggeber wegen geringf\u00fcgiger, aber nicht beanstandungsf\u00e4higer Abweichung von der Vorlage verlangt werden.<\/li>\n<li>Soweit Skizzen, Entw\u00fcrfe, Probesatz, Probedrucke, Korrekturabz\u00fcge, \u00c4nderung angelieferter\/\u00fcbertragener Daten und \u00e4hnliche Vorarbeiten, welche nicht Gegenstand des Auftrags sind, vom Auftraggeber veranlasst sind, werden diese gesondert berechnet.<\/li>\n<li>Bei Auftr\u00e4gen mit Lieferung an Dritte gilt der Besteller als Auftraggeber, soweit keine anderweitige ausdr\u00fcckliche Vereinbarung getroffen wurde.<\/li>\n<\/ol>\n<p><strong>III. Zahlung<\/strong><\/p>\n<ol style=\"margin: 0; padding: 0px 0px 20px 17px;\">\n<li>Die Zahlung hat ohne jeden Abzug zu erfolgen. Eine etwaige Skontovereinbarung bezieht sich nicht auf Fracht, Porto, Versicherung oder sonstige Versandkosten. Die F\u00e4lligkeit richtet sich nach den gesetzlichen Regelungen.<\/li>\n<li>Der Auftraggeber kann nur mit einer unbestrittenen, entscheidungsreifen oder rechtskr\u00e4ftig festgestellten Forderung aufrechnen oder ein Zur\u00fcckbehaltungsrecht aus\u00fcben. Dies gilt nicht f\u00fcr etwaige auf Fertigstellungs- oder M\u00e4ngelbeseitigungskosten gerichtete Anspr\u00fcche des Auftraggebers.<\/li>\n<li>Wird nach Vertragsschluss erkennbar, dass die Erf\u00fcllung des Zahlungsanspruchs durch die mangelnde Leistungsf\u00e4higkeit des Auftraggebers gef\u00e4hrdet wird, so kann der Auftragnehmer die Leistung verweigern. Das Leistungsverweigerungsrecht entf\u00e4llt, wenn die Gegenleistung bewirkt oder Sicherheit f\u00fcr sie geleistet ist. \u00a7 321 II BGB bleibt unber\u00fchrt. Der Auftragnehmer kann die Leistung auch dann verweigern, wenn er aus demselben rechtlichen Verh\u00e4ltnis einen f\u00e4lligen Anspruch gegen den Auftraggeber hat, bis die ihm geb\u00fchrende Leistung bewirkt wird. \u00a7 273 III BGB bleibt unber\u00fchrt.<\/li>\n<li>Zahlt der Auftraggeber binnen 14 Tagen nach Lieferung der Ware den Preis einschlie\u00dflich der Kosten gem. Ziffer II (\u201ePreise, Vertragsschluss\u201c) nicht, kommt er auch ohne Mahnung in Verzug. Bei Zahlungsverzug sind Verzugszinsen in H\u00f6he von 9 Prozentpunkten \u00fcber dem Basiszinssatz zu zahlen. Die Geltendmachung weiterer Anspr\u00fcche wird hierdurch nicht ausgeschlossen. Bei Zahlungsverzug hat der Auftragnehmer au\u00dferdem einen Anspruch auf Zahlung einer Pauschale in H\u00f6he von 40 Euro. Die Pauschale ist auf einen geschuldeten Schadensersatz anzurechnen, soweit der Schaden in Kosten der Rechtsverfolgung begr\u00fcndet ist.<\/li>\n<\/ol>\n<p><strong>IV. Lieferung<\/strong><\/p>\n<ol style=\"margin: 0; padding: 0px 0px 20px 17px;\">\n<li>Lieferfristen werden sp\u00e4testens bei Vertragsschluss individuell vereinbart. Sofern dies nicht geschieht, gelten insoweit die gesetzlichen Regelungen.<\/li>\n<li>Der Auftragnehmer ist nur zu Teillieferungen berechtigt, soweit dies unter Ber\u00fccksichtigung der Gebote von Treu und Glauben gem\u00e4\u00df \u00a7 242 BGB angemessen ist. Dies kann insbesondere dann der Fall sein, wenn \u2212 Teillieferungen f\u00fcr den Auftraggeber im Rahmen des vertraglichen Bestimmungszwecks verwendbar sind und \u2212 die Lieferung der restlichen bestellten Ware sichergestellt bleibt. Die dem Auftraggeber zustehenden Rechte\/Anspr\u00fcche wegen einer insoweit vom Auftragnehmer zu vertretenden Pflichtverletzung bleiben unber\u00fchrt.<\/li>\n<li>Soll die Ware versendet werden, geht die Gefahr des zuf\u00e4lligen Untergangs und der zuf\u00e4lligen Verschlechterung der Ware auf den Auftraggeber \u00fcber, sobald die Sendung an die den Transport durchf\u00fchrende Person \u00fcbergeben worden ist.<\/li>\n<li>Verz\u00f6gert der Auftragnehmer die Leistung, so kann der Auftraggeber nur dann unter den Voraussetzungen des \u00a7 323 BGB zur\u00fccktreten, wenn die Verz\u00f6gerung vom Auftragnehmer zu vertreten ist. Abs. 5 bleibt unber\u00fchrt. Eine \u00c4nderung der Beweislast ist mit dieser Regelung nicht verbunden.<\/li>\n<li>Vom Auftragnehmer nicht zu vertretende Betriebsst\u00f6rungen von vor\u00fcbergehender Dauer \u2013 sowohl im Betrieb des Auftragnehmers als auch in dem eines Zulieferers \u2013, insbesondere Streiks, Aussperrungen sowie alle F\u00e4lle h\u00f6herer Gewalt, berechtigen den Auftraggeber nur dann zum R\u00fccktritt vom Vertrag, wenn ihm ein weiteres Festhalten am Vertrag objektiv nicht zugemutet werden kann, andernfalls verl\u00e4ngert sich die Lieferfrist um die Dauer der durch die St\u00f6rung verursachten Verz\u00f6gerung. Eine Haftung des Auftragnehmers ist in diesen F\u00e4llen ausgeschlossen.<\/li>\n<li>Dem Auftragnehmer steht an den vom Auftraggeber angelieferten Druck- und Stempelvorlagen, Manuskripten, Rohmaterialien und sonstigen Gegenst\u00e4nden ein Zur\u00fcckbehaltungsrecht gem\u00e4\u00df \u00a7 369 HGB bis zur vollst\u00e4ndigen Erf\u00fcllung aller f\u00e4lligen Forderungen aus der Gesch\u00e4ftsverbindung zu.<\/li>\n<li>Bei Auftr\u00e4gen, bei denen eine im Voraus festgelegte Gesamtauftragsmenge in gesondert durch den Auftraggeber abzurufenden und zu zahlenden Raten geliefert werden soll (Abrufauftr\u00e4ge), ist der Auftraggeber, soweit keine anderweitige Vereinbarung getroffen wurde, innerhalb von 12 Monaten nach Vertragsschluss zur Abnahme der gesamten dem Abrufauftrag zugrunde liegenden Auftragsmenge verpflichtet. Die Abrufpflicht des Auftraggebers stellt eine Hauptpflicht dar. Ist die Abnahme der Gesamtauftragsmenge nicht innerhalb der Abnahmefrist erfolgt, ist der Auftragnehmer berechtigt, nach seiner Wahl entweder<br \/>\n\u2212 die Restmenge zu liefern und Zahlung des ausstehenden Teils des Kaufpreises zu verlangen,<br \/>\n\u2212 die Restmenge auf Kosten des Auftraggebers einzulagern oder<br \/>\n\u2212 dem Auftraggeber eine angemessene Frist zur Abnahme der Restmenge zu setzen und nach fruchtlosem Ablauf dieser Frist nach \u00a7 323 BGB vom Vertrag zur\u00fcckzutreten. Weitere Rechte des Auftragnehmers, wie das Recht auf Schadensersatz, bleiben unber\u00fchrt.<\/li>\n<\/ol>\n<p><strong>V. Eigentumsvorbehalt<\/strong><\/p>\n<ol style=\"margin: 0; padding: 0px 0px 20px 17px;\">\n<li>Die gelieferte Ware bleibt bis zur vollst\u00e4ndigen Bezahlung aller zum Rechnungsdatum bestehenden Forderungen des Auftragnehmers gegen den Auftraggeber sein Eigentum. Diese Ware darf vor vollst\u00e4ndiger Bezahlung weder an Dritte verpf\u00e4ndet, noch zur Sicherheit \u00fcbereignet werden. Der Auftraggeber hat den Auftragnehmer unverz\u00fcglich schriftlich zu benachrichtigen, wenn und soweit Zugriffe Dritter auf die dem Auftragnehmer geh\u00f6rende Ware erfolgen.<\/li>\n<li>Zur Weiterver\u00e4u\u00dferung ist der Auftraggeber nur im ordnungsgem\u00e4\u00dfen Gesch\u00e4ftsgang berechtigt. Der Auftraggeber tritt seine Forderungen aus der Weiterver\u00e4u\u00dferung hiermit an den Auftragnehmer ab. Der Auftragnehmer nimmt die Abtretung hiermit an.<\/li>\n<li>\u00dcbersteigt der realisierbare Wert der Sicherheiten die Forderungen des Auftragnehmers um mehr als 10 %, so wird der Auftragnehmer \u2013 auf Verlangen des Auftraggebers \u2013 Sicherheiten nach seiner Wahl freigeben.<\/li>\n<li>Bei Verarbeitung oder Umbildung der vom Auftragnehmer gelieferten und in dessen Eigentum stehenden Waren ist der Auftragnehmer als Hersteller gem\u00e4\u00df \u00a7 950 BGB anzusehen und beh\u00e4lt in jedem Zeitpunkt der Verarbeitung Eigentum an den Erzeugnissen. Sind Dritte an der Verarbeitung oder Umbildung beteiligt, ist der Auftragnehmer auf einen Miteigentumsanteil in H\u00f6he des Rechnungswerts (Faktura-Endbetrag inkl. MwSt.) der Vorbehaltsware beschr\u00e4nkt. Das so erworbene Eigentum gilt als Vorbehaltseigentum.<\/li>\n<\/ol>\n<p><strong>VI. Beanstandungen\/Gew\u00e4hrleistungen<\/strong><\/p>\n<ol style=\"margin: 0; padding: 0px 0px 20px 17px;\">\n<li>Der Auftraggeber hat die Vertragsgem\u00e4\u00dfheit der Ware sowie etwaiger zur Korrektur \u00fcbersandter Vor- und Zwischenerzeugnisse in jedem Fall unverz\u00fcglich zu pr\u00fcfen. Die Gefahr etwaiger Fehler geht mit der Druckreiferkl\u00e4rung\/Fertigungsreiferkl\u00e4rung auf den Auftraggeber \u00fcber, soweit es sich nicht um Fehler handelt, die erst in dem sich an die Druckreiferkl\u00e4rung\/Fertigungsreiferkl\u00e4rung anschlie\u00dfenden Fertigungsvorgang entstanden sind oder erkannt werden konnten. Das Gleiche gilt f\u00fcr etwaige sonstige Freigabeerkl\u00e4rungen des Auftraggebers.<\/li>\n<li>Offensichtliche M\u00e4ngel sind innerhalb einer Frist von einer Woche ab Empfang der Ware schriftlich anzuzeigen, versteckte M\u00e4ngel innerhalb einer Frist von einer Woche ab Entdeckung; andernfalls ist die Geltendmachung des Gew\u00e4hrleistungsanspruchs ausgeschlossen.<\/li>\n<li>Bei berechtigten Beanstandungen ist der Auftragnehmer zun\u00e4chst nach seiner Wahl zur Nachbesserung und\/oder Ersatzlieferung verpflichtet und berechtigt. Kommt der Auftragnehmer dieser Verpflichtung nicht innerhalb einer angemessenen Frist nach oder schl\u00e4gt die Nacherf\u00fcllung fehl, kann der Auftraggeber Herabsetzung der Verg\u00fctung (Minderung) oder R\u00fcckg\u00e4ngigmachung des Vertrags (R\u00fccktritt) verlangen.<\/li>\n<li>M\u00e4ngel eines Teils der gelieferten Ware berechtigen nicht zur Beanstandung der gesamten Lieferung, es sei denn, dass der mangelfreie Teil der Lieferung f\u00fcr den Auftraggeber ohne Interesse ist.<\/li>\n<li>Bei farbigen Reproduktionen in allen Herstellungsverfahren k\u00f6nnen \u00fcbliche Farbabweichungen vom Original nicht beanstandet werden. Das Gleiche gilt f\u00fcr den Vergleich zwischen sonstigen Vorlagen (z. B. Digital Proofs, Andrucken) und dem Endprodukt.<\/li>\n<li>Zulieferungen (insbesondere Datentr\u00e4ger, \u00fcbertragene Daten) durch den Auftraggeber oder durch einen von ihm eingeschalteten Dritten unterliegen keiner Pr\u00fcfungspflicht seitens des Auftragnehmers. Dies gilt nicht f\u00fcr die technische Eignung von Zulieferungen zur ordnungsgem\u00e4\u00dfen Erf\u00fcllung des Auftrags, soweit die mangelnde Eignung einem sorgf\u00e4ltig handelnden Auftragnehmer erkennbar werden muss. Bei Daten\u00fcbertragungen hat der Auftraggeber vor \u00dcbersendung jeweils dem neuesten technischen Stand entsprechende Schutzprogramme f\u00fcr Computerviren einzusetzen.<\/li>\n<li>Mehr- oder Minderlieferungen bis zu 10 % der bestellten Auflage k\u00f6nnen nicht beanstandet werden. Berechnet wird die gelieferte Menge. Bei Lieferungen aus Papiersonderanfertigungen unter 1.000 kg erh\u00f6ht sich der Prozentsatz auf 20 %, unter 2.000 kg auf 15 %.<\/li>\n<\/ol>\n<p><strong>VII. Haftung<\/strong><\/p>\n<ol style=\"margin: 0; padding: 0px 0px 20px 17px;\">\n<li>Der Auftragnehmer haftet \u2212 f\u00fcr die schuldhafte Verletzung des Lebens, des K\u00f6rpers oder der Gesundheit und \u2212 f\u00fcr vors\u00e4tzlich oder grob fahrl\u00e4ssig verursachte sonstige Sch\u00e4den, auch wenn die Pflichtverletzung auf entsprechend schuldhaftem Verhalten eines gesetzlichen Vertreters oder eines Erf\u00fcllungsgehilfen beruht.<\/li>\n<li>Der Auftragnehmer haftet ferner bereits bei leicht fahrl\u00e4ssiger Verletzung wesentlicher Vertragspflichten, auch durch seine gesetzlichen Vertreter oder Erf\u00fcllungsgehilfen. Wesentliche Vertragspflichten sind solche, deren Erf\u00fcllung die ordnungsgem\u00e4\u00dfe Durchf\u00fchrung des Vertrags \u00fcberhaupt erst erm\u00f6glicht, deren Verletzung die Erreichung des Vertragszwecks gef\u00e4hrdet und auf deren Einhaltung Auftraggeber vertrauen d\u00fcrfen. Die Haftung des Auftragnehmers nach Satz 1 ist in den F\u00e4llen leichter Fahrl\u00e4ssigkeit auf den vorhersehbaren, vertragstypischen Schaden begrenzt.<\/li>\n<li>Der Auftragnehmer haftet schlie\u00dflich \u2212 bei arglistig verschwiegenen M\u00e4ngeln und \u00fcbernommener Garantie f\u00fcr die Beschaffenheit der Ware sowie \u2212 bei Anspr\u00fcchen aus dem Produkthaftungsgesetz.<\/li>\n<li>Im \u00dcbrigen ist die Haftung des Auftragnehmers ausgeschlossen.<\/li>\n<\/ol>\n<p><strong>VIII. Verj\u00e4hrung<\/strong><\/p>\n<p>M\u00e4ngelanspr\u00fcche des Auftraggebers verj\u00e4hren mit Ausnahme der unter Ziffer VII. 1. genannten Schadensersatzanspr\u00fcche und solcher aus dem Produkthaftungsgesetz in einem Jahr beginnend mit der (Ab-)Lieferung der Ware. Dies gilt nicht, wenn der Auftragnehmer den Mangel arglistig verschwiegen hat oder soweit er eine Garantie f\u00fcr die Beschaffenheit der Sache \u00fcbernommen hat.<\/p>\n<p><strong>IX. Handelsbrauch<\/strong><\/p>\n<p>Im kaufm\u00e4nnischen Verkehr gelten die Handelsbr\u00e4uche der Druckindustrie (z. B. keine Herausgabepflicht von Zwischenerzeugnissen wie Daten, Lithos oder Druckplatten, die zur Herstellung des geschuldeten Endprodukts erstellt werden), sofern kein abweichender Auftrag erteilt wurde.<\/p>\n<p><strong>X. Archivierung<\/strong><\/p>\n<p>Dem Auftraggeber zustehende Produkte, Materialien und Daten werden vom Auftragnehmer nur nach ausdr\u00fccklicher Vereinbarung und gegen besondere Verg\u00fctung \u00fcber den Zeitpunkt der \u00dcbergabe des Endprodukts an den Auftraggeber oder seine Erf\u00fcllungsgehilfen hinaus archiviert. Eine etwaige Versicherung hat bei fehlender Vereinbarung der Auftraggeber selbst zu besorgen. XI. Periodische Arbeiten Vertr\u00e4ge \u00fcber regelm\u00e4\u00dfig wiederkehrende Arbeiten k\u00f6nnen mit einer Frist von 3 Monaten gek\u00fcndigt werden.<\/p>\n<p><strong>XI. Periodische Arbeiten<\/strong><\/p>\n<p>Vertr\u00e4ge \u00fcber regelm\u00e4\u00dfig wiederkehrende Arbeiten k\u00f6nnen mit einer Frist von 3 Monaten gek\u00fcndigt werden.<\/p>\n<p><strong>XII. Rechte Dritter<\/strong><\/p>\n<p>Der Auftraggeber versichert, dass durch seine Auftragsvorgaben, insbesondere durch von ihm gelieferte Vorlagen, Rechte Dritter, z. B. Urheber-, Kennzeichen- oder Pers\u00f6nlichkeitsrechte, nicht verletzt werden. Der Auftraggeber stellt insoweit den Auftragnehmer von s\u00e4mtlichen Anspr\u00fcchen Dritter einschlie\u00dflich der Kosten der Rechtsverteidigung und\/oder Rechtsverfolgung vollumf\u00e4nglich frei, es sei denn, der Auftraggeber weist nach, dass ihm ein Verschulden nicht zur Last f\u00e4llt und er allen ihm obliegenden Sorgfalts- und Pr\u00fcfungspflichten nachgekommen ist.<\/p>\n<p><strong>XIII. Erf\u00fcllungsort, Gerichtsstand, Anwendbares Recht<\/strong><\/p>\n<p>Erf\u00fcllungsort und Gerichtsstand sind, wenn der Auftraggeber Kaufmann, juristische Person des \u00f6ffentlichen Rechts oder \u00f6ffentlich-rechtliches Sonderverm\u00f6gen ist oder im Inland keinen allgemeinen Gerichtsstand hat, f\u00fcr alle sich aus dem Vertragsverh\u00e4ltnis ergebenden Streitigkeiten der Sitz des Auftragnehmers. Auf das Vertragsverh\u00e4ltnis findet deutsches Recht Anwendung. UN-Kaufrecht ist ausgeschlossen.<\/p>\n<p>Stand 9\/2016<\/p>\n<\/div><div class=\"fusion-sep-clear\"><\/div><div class=\"fusion-separator fusion-full-width-sep\" style=\"margin-left: auto;margin-right: auto;margin-top:30px;margin-bottom:0px;width:100%;\"><\/div><div class=\"fusion-sep-clear\"><\/div><div class=\"fusion-text fusion-text-4\"><p><span class=\"hinweis\"><strong>Bild<\/strong>: <a class=\"links-schwarz\" href=\"https:\/\/www.pixabay.com\/\" target=\"_blank\" rel=\"noopener noreferrer\">www.pixabay.com<\/a> \u2013 \u00a9 geralt<\/span><\/p>\n<\/div><div class=\"fusion-clearfix\"><\/div><\/div><\/div><\/div><\/div><\/p>\n","protected":false},"excerpt":{"rendered":"","protected":false},"author":2,"featured_media":0,"parent":0,"menu_order":0,"comment_status":"closed","ping_status":"closed","template":"100-width.php","meta":{"footnotes":""},"class_list":["post-4611","page","type-page","status-publish","hentry"],"acf":[],"yoast_head":"<!-- This site is optimized with the Yoast SEO plugin v27.3 - https:\/\/yoast.com\/product\/yoast-seo-wordpress\/ -->\n<title>Allgemeine Gesch\u00e4ftsbedingungen HERRMANN Druck+Media<\/title>\n<meta name=\"description\" content=\"Es gelten die Allgemeinen Gesch\u00e4ftsbedingungen von HERRMANN Druck und Media in Sonnenb\u00fchl. F\u00fcr Online-K\u00e4ufe gelten die Shop-AGBs.\" \/>\n<meta name=\"robots\" content=\"index, follow, max-snippet:-1, max-image-preview:large, max-video-preview:-1\" \/>\n<link rel=\"canonical\" href=\"https:\/\/www.hdruck.com\/en\/agb\/\" \/>\n<meta property=\"og:locale\" content=\"en_US\" \/>\n<meta property=\"og:type\" content=\"article\" \/>\n<meta property=\"og:title\" content=\"Allgemeine Gesch\u00e4ftsbedingungen HERRMANN Druck+Media\" \/>\n<meta property=\"og:description\" content=\"Es gelten die Allgemeinen Gesch\u00e4ftsbedingungen von HERRMANN Druck und Media in Sonnenb\u00fchl. F\u00fcr Online-K\u00e4ufe gelten die Shop-AGBs.\" \/>\n<meta property=\"og:url\" content=\"https:\/\/www.hdruck.com\/en\/agb\/\" \/>\n<meta property=\"og:site_name\" content=\"HERRMANN Druck+Media GmbH\" \/>\n<meta property=\"article:modified_time\" content=\"2026-01-26T12:47:48+00:00\" \/>\n<meta name=\"twitter:card\" content=\"summary_large_image\" \/>\n<meta name=\"twitter:label1\" content=\"Est. reading time\" \/>\n\t<meta name=\"twitter:data1\" content=\"13 minutes\" \/>\n<script type=\"application\/ld+json\" class=\"yoast-schema-graph\">{\"@context\":\"https:\\\/\\\/schema.org\",\"@graph\":[{\"@type\":\"WebPage\",\"@id\":\"https:\\\/\\\/www.hdruck.com\\\/en\\\/agb\\\/\",\"url\":\"https:\\\/\\\/www.hdruck.com\\\/en\\\/agb\\\/\",\"name\":\"Allgemeine Gesch\u00e4ftsbedingungen HERRMANN Druck+Media\",\"isPartOf\":{\"@id\":\"https:\\\/\\\/www.hdruck.com\\\/en\\\/#website\"},\"datePublished\":\"2026-01-26T06:59:47+00:00\",\"dateModified\":\"2026-01-26T12:47:48+00:00\",\"description\":\"Es gelten die Allgemeinen Gesch\u00e4ftsbedingungen von HERRMANN Druck und Media in Sonnenb\u00fchl. F\u00fcr Online-K\u00e4ufe gelten die Shop-AGBs.\",\"breadcrumb\":{\"@id\":\"https:\\\/\\\/www.hdruck.com\\\/en\\\/agb\\\/#breadcrumb\"},\"inLanguage\":\"en-US\",\"potentialAction\":[{\"@type\":\"ReadAction\",\"target\":[\"https:\\\/\\\/www.hdruck.com\\\/en\\\/agb\\\/\"]}]},{\"@type\":\"BreadcrumbList\",\"@id\":\"https:\\\/\\\/www.hdruck.com\\\/en\\\/agb\\\/#breadcrumb\",\"itemListElement\":[{\"@type\":\"ListItem\",\"position\":1,\"name\":\"Startseite\",\"item\":\"https:\\\/\\\/www.hdruck.com\\\/en\\\/\"},{\"@type\":\"ListItem\",\"position\":2,\"name\":\"AGB\"}]},{\"@type\":\"WebSite\",\"@id\":\"https:\\\/\\\/www.hdruck.com\\\/en\\\/#website\",\"url\":\"https:\\\/\\\/www.hdruck.com\\\/en\\\/\",\"name\":\"HERRMANN Druck+Media GmbH\",\"description\":\"\",\"potentialAction\":[{\"@type\":\"SearchAction\",\"target\":{\"@type\":\"EntryPoint\",\"urlTemplate\":\"https:\\\/\\\/www.hdruck.com\\\/en\\\/?s={search_term_string}\"},\"query-input\":{\"@type\":\"PropertyValueSpecification\",\"valueRequired\":true,\"valueName\":\"search_term_string\"}}],\"inLanguage\":\"en-US\"}]}<\/script>\n<!-- \/ Yoast SEO plugin. -->","yoast_head_json":{"title":"Allgemeine Gesch\u00e4ftsbedingungen HERRMANN Druck+Media","description":"Es gelten die Allgemeinen Gesch\u00e4ftsbedingungen von HERRMANN Druck und Media in Sonnenb\u00fchl. F\u00fcr Online-K\u00e4ufe gelten die Shop-AGBs.","robots":{"index":"index","follow":"follow","max-snippet":"max-snippet:-1","max-image-preview":"max-image-preview:large","max-video-preview":"max-video-preview:-1"},"canonical":"https:\/\/www.hdruck.com\/en\/agb\/","og_locale":"en_US","og_type":"article","og_title":"Allgemeine Gesch\u00e4ftsbedingungen HERRMANN Druck+Media","og_description":"Es gelten die Allgemeinen Gesch\u00e4ftsbedingungen von HERRMANN Druck und Media in Sonnenb\u00fchl. F\u00fcr Online-K\u00e4ufe gelten die Shop-AGBs.","og_url":"https:\/\/www.hdruck.com\/en\/agb\/","og_site_name":"HERRMANN Druck+Media GmbH","article_modified_time":"2026-01-26T12:47:48+00:00","twitter_card":"summary_large_image","twitter_misc":{"Est. reading time":"13 minutes"},"schema":{"@context":"https:\/\/schema.org","@graph":[{"@type":"WebPage","@id":"https:\/\/www.hdruck.com\/en\/agb\/","url":"https:\/\/www.hdruck.com\/en\/agb\/","name":"Allgemeine Gesch\u00e4ftsbedingungen HERRMANN Druck+Media","isPartOf":{"@id":"https:\/\/www.hdruck.com\/en\/#website"},"datePublished":"2026-01-26T06:59:47+00:00","dateModified":"2026-01-26T12:47:48+00:00","description":"Es gelten die Allgemeinen Gesch\u00e4ftsbedingungen von HERRMANN Druck und Media in Sonnenb\u00fchl. F\u00fcr Online-K\u00e4ufe gelten die Shop-AGBs.","breadcrumb":{"@id":"https:\/\/www.hdruck.com\/en\/agb\/#breadcrumb"},"inLanguage":"en-US","potentialAction":[{"@type":"ReadAction","target":["https:\/\/www.hdruck.com\/en\/agb\/"]}]},{"@type":"BreadcrumbList","@id":"https:\/\/www.hdruck.com\/en\/agb\/#breadcrumb","itemListElement":[{"@type":"ListItem","position":1,"name":"Startseite","item":"https:\/\/www.hdruck.com\/en\/"},{"@type":"ListItem","position":2,"name":"AGB"}]},{"@type":"WebSite","@id":"https:\/\/www.hdruck.com\/en\/#website","url":"https:\/\/www.hdruck.com\/en\/","name":"HERRMANN Druck+Media GmbH","description":"","potentialAction":[{"@type":"SearchAction","target":{"@type":"EntryPoint","urlTemplate":"https:\/\/www.hdruck.com\/en\/?s={search_term_string}"},"query-input":{"@type":"PropertyValueSpecification","valueRequired":true,"valueName":"search_term_string"}}],"inLanguage":"en-US"}]}},"_links":{"self":[{"href":"https:\/\/www.hdruck.com\/en\/wp-json\/wp\/v2\/pages\/4611","targetHints":{"allow":["GET"]}}],"collection":[{"href":"https:\/\/www.hdruck.com\/en\/wp-json\/wp\/v2\/pages"}],"about":[{"href":"https:\/\/www.hdruck.com\/en\/wp-json\/wp\/v2\/types\/page"}],"author":[{"embeddable":true,"href":"https:\/\/www.hdruck.com\/en\/wp-json\/wp\/v2\/users\/2"}],"replies":[{"embeddable":true,"href":"https:\/\/www.hdruck.com\/en\/wp-json\/wp\/v2\/comments?post=4611"}],"version-history":[{"count":0,"href":"https:\/\/www.hdruck.com\/en\/wp-json\/wp\/v2\/pages\/4611\/revisions"}],"wp:attachment":[{"href":"https:\/\/www.hdruck.com\/en\/wp-json\/wp\/v2\/media?parent=4611"}],"curies":[{"name":"wp","href":"https:\/\/api.w.org\/{rel}","templated":true}]}}